{"id":2509,"date":"2019-01-16T10:14:32","date_gmt":"2019-01-16T15:14:32","guid":{"rendered":"https:\/\/wwd-latece.uqam.ca\/?page_id=2509"},"modified":"2025-03-11T12:35:01","modified_gmt":"2025-03-11T16:35:01","slug":"executive-and-scientific-committees","status":"publish","type":"page","link":"https:\/\/latece.uqam.ca\/en\/executive-and-scientific-committees\/","title":{"rendered":"Executive and Scientific Committees"},"content":{"rendered":"\n<p class=\"wp-block-paragraph\">The membership of the <strong>scientific committee<\/strong> includes all regular members of the lab. This committee takes on all matters related to lab governance and serves as a bridge between the lab\u2019s activities, its executive committee and strategic council, and votes on the executive committee\u2019s recommendations.<\/p>\n\n\n\n<p class=\"wp-block-paragraph\">Son <strong>comit\u00e9 ex\u00e9cutif<\/strong> quant \u00e0 lui m\u00e8ne les travaux administratifs du laboratoire ainsi que ses op\u00e9rations quotidiennes dont les relations internes et externes et le d\u00e9veloppement des partenariats.<\/p>\n\n\n\n<h3 class=\"wp-block-heading\">Current executive committee membership:<\/h3>\n\n\n\n<div class=\"wp-block-columns is-layout-flex wp-container-core-columns-is-layout-8f761849 wp-block-columns-is-layout-flex\">\n<div class=\"wp-block-column is-layout-flow wp-block-column-is-layout-flow\">\n<div class=\"wp-block-media-text is-stacked-on-mobile is-image-fill-element\"><figure class=\"wp-block-media-text__media\"><img loading=\"lazy\" decoding=\"async\" width=\"270\" height=\"360\" src=\"https:\/\/latece.uqam.ca\/wp-content\/uploads\/2022\/03\/b2ary9EU2fnI_.jpg\" alt=\"\" class=\"wp-image-6694 size-full\" style=\"object-position:50% 50%\" srcset=\"https:\/\/latece.uqam.ca\/wp-content\/uploads\/2022\/03\/b2ary9EU2fnI_.jpg 270w, https:\/\/latece.uqam.ca\/wp-content\/uploads\/2022\/03\/b2ary9EU2fnI_-225x300.jpg 225w\" sizes=\"auto, (max-width: 270px) 100vw, 270px\" \/><\/figure><div class=\"wp-block-media-text__content\">\n<p class=\"wp-block-paragraph\"><a href=\"https:\/\/latece.uqam.ca\/membre\/sylvie-trudel-2\/\"><strong>Sylvie Trudel<\/strong><\/a>, Co-director<\/p>\n<\/div><\/div>\n<\/div>\n\n\n\n<div class=\"wp-block-column is-layout-flow wp-block-column-is-layout-flow\">\n<div class=\"wp-block-media-text is-stacked-on-mobile is-image-fill-element\"><figure class=\"wp-block-media-text__media\"><img loading=\"lazy\" decoding=\"async\" width=\"512\" height=\"512\" src=\"https:\/\/latece.uqam.ca\/wp-content\/uploads\/2020\/01\/u-lKtrs3.jpg\" alt=\"\" class=\"wp-image-5036 size-full\" style=\"object-position:50% 50%\" srcset=\"https:\/\/latece.uqam.ca\/wp-content\/uploads\/2020\/01\/u-lKtrs3.jpg 512w, https:\/\/latece.uqam.ca\/wp-content\/uploads\/2020\/01\/u-lKtrs3-300x300.jpg 300w, https:\/\/latece.uqam.ca\/wp-content\/uploads\/2020\/01\/u-lKtrs3-150x150.jpg 150w\" sizes=\"auto, (max-width: 512px) 100vw, 512px\" \/><\/figure><div class=\"wp-block-media-text__content\">\n<p class=\"wp-block-paragraph\"><strong><a href=\"https:\/\/latece.uqam.ca\/membre\/zandra-balbinot\/\">Zandra Balbinot<\/a><\/strong>, Co-director<\/p>\n<\/div><\/div>\n<\/div>\n<\/div>\n\n\n\n<div class=\"wp-block-columns is-layout-flex wp-container-core-columns-is-layout-8f761849 wp-block-columns-is-layout-flex\">\n<div class=\"wp-block-column is-layout-flow wp-block-column-is-layout-flow\">\n<div class=\"wp-block-media-text is-stacked-on-mobile is-image-fill-element\"><figure class=\"wp-block-media-text__media\"><img loading=\"lazy\" decoding=\"async\" width=\"609\" height=\"710\" src=\"https:\/\/latece.uqam.ca\/wp-content\/uploads\/2021\/10\/photo3.jpg\" alt=\"\" class=\"wp-image-6591 size-full\" style=\"object-position:50% 50%\" srcset=\"https:\/\/latece.uqam.ca\/wp-content\/uploads\/2021\/10\/photo3.jpg 609w, https:\/\/latece.uqam.ca\/wp-content\/uploads\/2021\/10\/photo3-257x300.jpg 257w\" sizes=\"auto, (max-width: 609px) 100vw, 609px\" \/><\/figure><div class=\"wp-block-media-text__content\">\n<p class=\"wp-block-paragraph\"><strong><a href=\"https:\/\/latece.uqam.ca\/en\/membre\/florent-avellaneda\/\">Florent Avellaneda<\/a><\/strong><\/p>\n<\/div><\/div>\n<\/div>\n\n\n\n<div class=\"wp-block-column is-layout-flow wp-block-column-is-layout-flow\">\n<div class=\"wp-block-media-text is-stacked-on-mobile is-image-fill-element\"><figure class=\"wp-block-media-text__media\"><img loading=\"lazy\" decoding=\"async\" width=\"260\" height=\"300\" src=\"https:\/\/latece.uqam.ca\/wp-content\/uploads\/2019\/05\/jean.jpg\" alt=\"\" class=\"wp-image-4421 size-full\" style=\"object-position:50% 50%\"\/><\/figure><div class=\"wp-block-media-text__content\">\n<p class=\"wp-block-paragraph\"><strong><a href=\"https:\/\/latece.uqam.ca\/membre\/jean-privat\/\">Jean Privat<\/a><\/strong><\/p>\n<\/div><\/div>\n<\/div>\n<\/div>\n\n\n\n<div class=\"wp-block-columns is-layout-flex wp-container-core-columns-is-layout-8f761849 wp-block-columns-is-layout-flex\">\n<div class=\"wp-block-column is-layout-flow wp-block-column-is-layout-flow\"><\/div>\n\n\n\n<div class=\"wp-block-column is-layout-flow wp-block-column-is-layout-flow\"><\/div>\n<\/div>\n","protected":false},"excerpt":{"rendered":"<p>The membership of the scientific committee includes all regular members of the lab. This committee takes on all matters related to lab governance and serves as a bridge between the lab\u2019s activities, its executive committee and strategic council, and votes on the executive committee\u2019s recommendations. Son comit\u00e9 ex\u00e9cutif quant \u00e0 lui m\u00e8ne les travaux administratifs [&hellip;]<\/p>\n","protected":false},"author":12,"featured_media":9342,"parent":0,"menu_order":0,"comment_status":"closed","ping_status":"closed","template":"","meta":{"_acf_changed":false,"_crdt_document":"","_monsterinsights_skip_tracking":false,"_monsterinsights_sitenote_active":false,"_monsterinsights_sitenote_note":"","_monsterinsights_sitenote_category":0,"footnotes":""},"class_list":["post-2509","page","type-page","status-publish","has-post-thumbnail","hentry"],"acf":[],"yoast_head":"<!-- This site is optimized with the Yoast SEO plugin v27.4 - https:\/\/yoast.com\/product\/yoast-seo-wordpress\/ -->\n<title>Executive and Scientific Committees - Transdisciplinary Research Lab on IT Ecosystems - UQAM<\/title>\n<meta name=\"robots\" content=\"index, follow, max-snippet:-1, max-image-preview:large, max-video-preview:-1\" \/>\n<link rel=\"canonical\" href=\"https:\/\/latece.uqam.ca\/en\/executive-and-scientific-committees\/\" \/>\n<meta property=\"og:locale\" content=\"en_US\" \/>\n<meta property=\"og:type\" content=\"article\" \/>\n<meta property=\"og:title\" content=\"Executive and Scientific Committees - Transdisciplinary Research Lab on IT Ecosystems - UQAM\" \/>\n<meta property=\"og:description\" content=\"The membership of the scientific committee includes all regular members of the lab. This committee takes on all matters related to lab governance and serves as a bridge between the lab\u2019s activities, its executive committee and strategic council, and votes on the executive committee\u2019s recommendations. Son comit\u00e9 ex\u00e9cutif quant \u00e0 lui m\u00e8ne les travaux administratifs [&hellip;]\" \/>\n<meta property=\"og:url\" content=\"https:\/\/latece.uqam.ca\/en\/executive-and-scientific-committees\/\" \/>\n<meta property=\"og:site_name\" content=\"Transdisciplinary Research Lab on IT Ecosystems\" \/>\n<meta property=\"article:modified_time\" content=\"2025-03-11T16:35:01+00:00\" \/>\n<meta property=\"og:image\" content=\"https:\/\/latece.uqam.ca\/wp-content\/uploads\/2022\/03\/b2ary9EU2fnI_.jpg\" \/>\n\t<meta property=\"og:image:width\" content=\"270\" \/>\n\t<meta property=\"og:image:height\" content=\"360\" \/>\n\t<meta property=\"og:image:type\" content=\"image\/jpeg\" \/>\n<meta name=\"twitter:card\" content=\"summary_large_image\" \/>\n<meta name=\"twitter:label1\" content=\"Est. reading time\" \/>\n\t<meta name=\"twitter:data1\" content=\"2 minutes\" \/>\n<script type=\"application\/ld+json\" class=\"yoast-schema-graph\">{\"@context\":\"https:\\\/\\\/schema.org\",\"@graph\":[{\"@type\":\"WebPage\",\"@id\":\"https:\\\/\\\/latece.uqam.ca\\\/en\\\/executive-and-scientific-committees\\\/\",\"url\":\"https:\\\/\\\/latece.uqam.ca\\\/en\\\/executive-and-scientific-committees\\\/\",\"name\":\"Executive and Scientific Committees - Transdisciplinary Research Lab on IT Ecosystems - UQAM\",\"isPartOf\":{\"@id\":\"https:\\\/\\\/latece.uqam.ca\\\/#website\"},\"primaryImageOfPage\":{\"@id\":\"https:\\\/\\\/latece.uqam.ca\\\/en\\\/executive-and-scientific-committees\\\/#primaryimage\"},\"image\":{\"@id\":\"https:\\\/\\\/latece.uqam.ca\\\/en\\\/executive-and-scientific-committees\\\/#primaryimage\"},\"thumbnailUrl\":\"https:\\\/\\\/latece.uqam.ca\\\/wp-content\\\/uploads\\\/2023\\\/06\\\/QS-1.jpg\",\"datePublished\":\"2019-01-16T15:14:32+00:00\",\"dateModified\":\"2025-03-11T16:35:01+00:00\",\"breadcrumb\":{\"@id\":\"https:\\\/\\\/latece.uqam.ca\\\/en\\\/executive-and-scientific-committees\\\/#breadcrumb\"},\"inLanguage\":\"en-CA\",\"potentialAction\":[{\"@type\":\"ReadAction\",\"target\":[\"https:\\\/\\\/latece.uqam.ca\\\/en\\\/executive-and-scientific-committees\\\/\"]}]},{\"@type\":\"ImageObject\",\"inLanguage\":\"en-CA\",\"@id\":\"https:\\\/\\\/latece.uqam.ca\\\/en\\\/executive-and-scientific-committees\\\/#primaryimage\",\"url\":\"https:\\\/\\\/latece.uqam.ca\\\/wp-content\\\/uploads\\\/2023\\\/06\\\/QS-1.jpg\",\"contentUrl\":\"https:\\\/\\\/latece.uqam.ca\\\/wp-content\\\/uploads\\\/2023\\\/06\\\/QS-1.jpg\",\"width\":240,\"height\":240},{\"@type\":\"BreadcrumbList\",\"@id\":\"https:\\\/\\\/latece.uqam.ca\\\/en\\\/executive-and-scientific-committees\\\/#breadcrumb\",\"itemListElement\":[{\"@type\":\"ListItem\",\"position\":1,\"name\":\"UQAM\",\"item\":\"https:\\\/\\\/uqam.ca\"},{\"@type\":\"ListItem\",\"position\":2,\"name\":\"LATECE\",\"item\":\"https:\\\/\\\/latece.uqam.ca\\\/en\\\/\"},{\"@type\":\"ListItem\",\"position\":3,\"name\":\"Executive and Scientific Committees\"}]},{\"@type\":\"WebSite\",\"@id\":\"https:\\\/\\\/latece.uqam.ca\\\/#website\",\"url\":\"https:\\\/\\\/latece.uqam.ca\\\/\",\"name\":\"Transdisciplinary Research Lab on IT Ecosystems\",\"description\":\"LATECE\",\"publisher\":{\"@id\":\"https:\\\/\\\/latece.uqam.ca\\\/#organization\"},\"potentialAction\":[{\"@type\":\"SearchAction\",\"target\":{\"@type\":\"EntryPoint\",\"urlTemplate\":\"https:\\\/\\\/latece.uqam.ca\\\/?s={search_term_string}\"},\"query-input\":{\"@type\":\"PropertyValueSpecification\",\"valueRequired\":true,\"valueName\":\"search_term_string\"}}],\"inLanguage\":\"en-CA\"},{\"@type\":\"Organization\",\"@id\":\"https:\\\/\\\/latece.uqam.ca\\\/#organization\",\"name\":\"Laboratoire de recherche sur les technologies du commerce \u00e9lectronique (LATECE)\",\"url\":\"https:\\\/\\\/latece.uqam.ca\\\/\",\"logo\":{\"@type\":\"ImageObject\",\"inLanguage\":\"en-CA\",\"@id\":\"https:\\\/\\\/latece.uqam.ca\\\/#\\\/schema\\\/logo\\\/image\\\/\",\"url\":\"https:\\\/\\\/latece.uqam.ca\\\/wp-content\\\/uploads\\\/2018\\\/11\\\/logo_latece.jpg\",\"contentUrl\":\"https:\\\/\\\/latece.uqam.ca\\\/wp-content\\\/uploads\\\/2018\\\/11\\\/logo_latece.jpg\",\"width\":212,\"height\":40,\"caption\":\"Laboratoire de recherche sur les technologies du commerce \u00e9lectronique (LATECE)\"},\"image\":{\"@id\":\"https:\\\/\\\/latece.uqam.ca\\\/#\\\/schema\\\/logo\\\/image\\\/\"}}]}<\/script>\n<!-- \/ Yoast SEO plugin. -->","yoast_head_json":{"title":"Executive and Scientific Committees - Transdisciplinary Research Lab on IT Ecosystems - UQAM","robots":{"index":"index","follow":"follow","max-snippet":"max-snippet:-1","max-image-preview":"max-image-preview:large","max-video-preview":"max-video-preview:-1"},"canonical":"https:\/\/latece.uqam.ca\/en\/executive-and-scientific-committees\/","og_locale":"en_US","og_type":"article","og_title":"Executive and Scientific Committees - Transdisciplinary Research Lab on IT Ecosystems - UQAM","og_description":"The membership of the scientific committee includes all regular members of the lab. This committee takes on all matters related to lab governance and serves as a bridge between the lab\u2019s activities, its executive committee and strategic council, and votes on the executive committee\u2019s recommendations. Son comit\u00e9 ex\u00e9cutif quant \u00e0 lui m\u00e8ne les travaux administratifs [&hellip;]","og_url":"https:\/\/latece.uqam.ca\/en\/executive-and-scientific-committees\/","og_site_name":"Transdisciplinary Research Lab on IT Ecosystems","article_modified_time":"2025-03-11T16:35:01+00:00","og_image":[{"width":270,"height":360,"url":"https:\/\/latece.uqam.ca\/wp-content\/uploads\/2022\/03\/b2ary9EU2fnI_.jpg","type":"image\/jpeg"}],"twitter_card":"summary_large_image","twitter_misc":{"Est. reading time":"2 minutes"},"schema":{"@context":"https:\/\/schema.org","@graph":[{"@type":"WebPage","@id":"https:\/\/latece.uqam.ca\/en\/executive-and-scientific-committees\/","url":"https:\/\/latece.uqam.ca\/en\/executive-and-scientific-committees\/","name":"Executive and Scientific Committees - Transdisciplinary Research Lab on IT Ecosystems - UQAM","isPartOf":{"@id":"https:\/\/latece.uqam.ca\/#website"},"primaryImageOfPage":{"@id":"https:\/\/latece.uqam.ca\/en\/executive-and-scientific-committees\/#primaryimage"},"image":{"@id":"https:\/\/latece.uqam.ca\/en\/executive-and-scientific-committees\/#primaryimage"},"thumbnailUrl":"https:\/\/latece.uqam.ca\/wp-content\/uploads\/2023\/06\/QS-1.jpg","datePublished":"2019-01-16T15:14:32+00:00","dateModified":"2025-03-11T16:35:01+00:00","breadcrumb":{"@id":"https:\/\/latece.uqam.ca\/en\/executive-and-scientific-committees\/#breadcrumb"},"inLanguage":"en-CA","potentialAction":[{"@type":"ReadAction","target":["https:\/\/latece.uqam.ca\/en\/executive-and-scientific-committees\/"]}]},{"@type":"ImageObject","inLanguage":"en-CA","@id":"https:\/\/latece.uqam.ca\/en\/executive-and-scientific-committees\/#primaryimage","url":"https:\/\/latece.uqam.ca\/wp-content\/uploads\/2023\/06\/QS-1.jpg","contentUrl":"https:\/\/latece.uqam.ca\/wp-content\/uploads\/2023\/06\/QS-1.jpg","width":240,"height":240},{"@type":"BreadcrumbList","@id":"https:\/\/latece.uqam.ca\/en\/executive-and-scientific-committees\/#breadcrumb","itemListElement":[{"@type":"ListItem","position":1,"name":"UQAM","item":"https:\/\/uqam.ca"},{"@type":"ListItem","position":2,"name":"LATECE","item":"https:\/\/latece.uqam.ca\/en\/"},{"@type":"ListItem","position":3,"name":"Executive and Scientific Committees"}]},{"@type":"WebSite","@id":"https:\/\/latece.uqam.ca\/#website","url":"https:\/\/latece.uqam.ca\/","name":"Transdisciplinary Research Lab on IT Ecosystems","description":"LATECE","publisher":{"@id":"https:\/\/latece.uqam.ca\/#organization"},"potentialAction":[{"@type":"SearchAction","target":{"@type":"EntryPoint","urlTemplate":"https:\/\/latece.uqam.ca\/?s={search_term_string}"},"query-input":{"@type":"PropertyValueSpecification","valueRequired":true,"valueName":"search_term_string"}}],"inLanguage":"en-CA"},{"@type":"Organization","@id":"https:\/\/latece.uqam.ca\/#organization","name":"Laboratoire de recherche sur les technologies du commerce \u00e9lectronique (LATECE)","url":"https:\/\/latece.uqam.ca\/","logo":{"@type":"ImageObject","inLanguage":"en-CA","@id":"https:\/\/latece.uqam.ca\/#\/schema\/logo\/image\/","url":"https:\/\/latece.uqam.ca\/wp-content\/uploads\/2018\/11\/logo_latece.jpg","contentUrl":"https:\/\/latece.uqam.ca\/wp-content\/uploads\/2018\/11\/logo_latece.jpg","width":212,"height":40,"caption":"Laboratoire de recherche sur les technologies du commerce \u00e9lectronique (LATECE)"},"image":{"@id":"https:\/\/latece.uqam.ca\/#\/schema\/logo\/image\/"}}]}},"_links":{"self":[{"href":"https:\/\/latece.uqam.ca\/en\/wp-json\/wp\/v2\/pages\/2509","targetHints":{"allow":["GET"]}}],"collection":[{"href":"https:\/\/latece.uqam.ca\/en\/wp-json\/wp\/v2\/pages"}],"about":[{"href":"https:\/\/latece.uqam.ca\/en\/wp-json\/wp\/v2\/types\/page"}],"author":[{"embeddable":true,"href":"https:\/\/latece.uqam.ca\/en\/wp-json\/wp\/v2\/users\/12"}],"replies":[{"embeddable":true,"href":"https:\/\/latece.uqam.ca\/en\/wp-json\/wp\/v2\/comments?post=2509"}],"version-history":[{"count":14,"href":"https:\/\/latece.uqam.ca\/en\/wp-json\/wp\/v2\/pages\/2509\/revisions"}],"predecessor-version":[{"id":5155,"href":"https:\/\/latece.uqam.ca\/en\/wp-json\/wp\/v2\/pages\/2509\/revisions\/5155"}],"wp:featuredmedia":[{"embeddable":true,"href":"https:\/\/latece.uqam.ca\/en\/wp-json\/wp\/v2\/media\/9342"}],"wp:attachment":[{"href":"https:\/\/latece.uqam.ca\/en\/wp-json\/wp\/v2\/media?parent=2509"}],"curies":[{"name":"wp","href":"https:\/\/api.w.org\/{rel}","templated":true}]}}