{"id":2513,"date":"2019-01-16T10:15:54","date_gmt":"2019-01-16T15:15:54","guid":{"rendered":"https:\/\/wwd-latece.uqam.ca\/?page_id=2513"},"modified":"2025-03-05T15:52:33","modified_gmt":"2025-03-05T20:52:33","slug":"join-us","status":"publish","type":"page","link":"https:\/\/latece.uqam.ca\/en\/join-us\/","title":{"rendered":"Contact"},"content":{"rendered":"\n<h2 class=\"wp-block-heading\"> Coordonn\u00e9es du d\u00e9partement <\/h2>\n\n\n\n<h3 class=\"wp-block-heading\">Civic address<\/h3>\n\n\n\n<p class=\"wp-block-paragraph\">LATECE Laboratory<br>PK-4151 (secr\u00e9tariat)<br>D\u00e9partement d\u2019informatique<br>Universit\u00e9 du Qu\u00e9bec \u00e0 Montr\u00e9al<br>201, Pr\u00e9sident Kennedy<br>Montr\u00e9al (Qu\u00e9bec) H2X 3Y7<\/p>\n\n\n\n<h3 class=\"wp-block-heading\">Email<br><a href=\"mailto:latece@uqam.ca\">latece@uqam.ca<\/a><\/h3>\n\n\n\n<h3 class=\"wp-block-heading\">Map<\/h3>\n\n\n<div class=\"su-gmap su-u-responsive-media-yes googleMap\"><iframe loading=\"lazy\" width=\"170\" height=\"130\" src=\"\/\/maps.google.com\/maps?q=201%20Avenue%20du%20Pr%C3%A9sident-Kennedy%2C%20Montr%C3%A9al%2C%20QC%20H2X%203Y7&amp;output=embed\" title=\"\"><\/iframe><\/div>\n","protected":false},"excerpt":{"rendered":"<p>Coordonn\u00e9es du d\u00e9partement Civic address LATECE LaboratoryPK-4151 (secr\u00e9tariat)D\u00e9partement d\u2019informatiqueUniversit\u00e9 du Qu\u00e9bec \u00e0 Montr\u00e9al201, Pr\u00e9sident KennedyMontr\u00e9al (Qu\u00e9bec) H2X 3Y7 Emaillatece@uqam.ca Map<\/p>\n","protected":false},"author":1,"featured_media":0,"parent":0,"menu_order":0,"comment_status":"closed","ping_status":"closed","template":"","meta":{"_acf_changed":false,"_crdt_document":"","_monsterinsights_skip_tracking":false,"_monsterinsights_sitenote_active":false,"_monsterinsights_sitenote_note":"","_monsterinsights_sitenote_category":0,"footnotes":""},"class_list":["post-2513","page","type-page","status-publish","hentry"],"acf":[],"yoast_head":"<!-- This site is optimized with the Yoast SEO plugin v27.4 - https:\/\/yoast.com\/product\/yoast-seo-wordpress\/ -->\n<title>Contact - Transdisciplinary Research Lab on IT Ecosystems - UQAM<\/title>\n<meta name=\"robots\" content=\"index, follow, max-snippet:-1, max-image-preview:large, max-video-preview:-1\" \/>\n<link rel=\"canonical\" href=\"https:\/\/latece.uqam.ca\/en\/join-us\/\" \/>\n<meta property=\"og:locale\" content=\"en_US\" \/>\n<meta property=\"og:type\" content=\"article\" \/>\n<meta property=\"og:title\" content=\"Contact - Transdisciplinary Research Lab on IT Ecosystems - UQAM\" \/>\n<meta property=\"og:description\" content=\"Coordonn\u00e9es du d\u00e9partement Civic address LATECE LaboratoryPK-4151 (secr\u00e9tariat)D\u00e9partement d\u2019informatiqueUniversit\u00e9 du Qu\u00e9bec \u00e0 Montr\u00e9al201, Pr\u00e9sident KennedyMontr\u00e9al (Qu\u00e9bec) H2X 3Y7 Emaillatece@uqam.ca Map\" \/>\n<meta property=\"og:url\" content=\"https:\/\/latece.uqam.ca\/en\/join-us\/\" \/>\n<meta property=\"og:site_name\" content=\"Transdisciplinary Research Lab on IT Ecosystems\" \/>\n<meta property=\"article:modified_time\" content=\"2025-03-05T20:52:33+00:00\" \/>\n<meta name=\"twitter:card\" content=\"summary_large_image\" \/>\n<meta name=\"twitter:label1\" content=\"Est. reading time\" \/>\n\t<meta name=\"twitter:data1\" content=\"1 minute\" \/>\n<script type=\"application\/ld+json\" class=\"yoast-schema-graph\">{\"@context\":\"https:\\\/\\\/schema.org\",\"@graph\":[{\"@type\":\"WebPage\",\"@id\":\"https:\\\/\\\/latece.uqam.ca\\\/en\\\/join-us\\\/\",\"url\":\"https:\\\/\\\/latece.uqam.ca\\\/en\\\/join-us\\\/\",\"name\":\"Contact - Transdisciplinary Research Lab on IT Ecosystems - UQAM\",\"isPartOf\":{\"@id\":\"https:\\\/\\\/latece.uqam.ca\\\/#website\"},\"datePublished\":\"2019-01-16T15:15:54+00:00\",\"dateModified\":\"2025-03-05T20:52:33+00:00\",\"breadcrumb\":{\"@id\":\"https:\\\/\\\/latece.uqam.ca\\\/en\\\/join-us\\\/#breadcrumb\"},\"inLanguage\":\"en-CA\",\"potentialAction\":[{\"@type\":\"ReadAction\",\"target\":[\"https:\\\/\\\/latece.uqam.ca\\\/en\\\/join-us\\\/\"]}]},{\"@type\":\"BreadcrumbList\",\"@id\":\"https:\\\/\\\/latece.uqam.ca\\\/en\\\/join-us\\\/#breadcrumb\",\"itemListElement\":[{\"@type\":\"ListItem\",\"position\":1,\"name\":\"UQAM\",\"item\":\"https:\\\/\\\/uqam.ca\"},{\"@type\":\"ListItem\",\"position\":2,\"name\":\"LATECE\",\"item\":\"https:\\\/\\\/latece.uqam.ca\\\/en\\\/\"},{\"@type\":\"ListItem\",\"position\":3,\"name\":\"Contact\"}]},{\"@type\":\"WebSite\",\"@id\":\"https:\\\/\\\/latece.uqam.ca\\\/#website\",\"url\":\"https:\\\/\\\/latece.uqam.ca\\\/\",\"name\":\"Transdisciplinary Research Lab on IT Ecosystems\",\"description\":\"LATECE\",\"publisher\":{\"@id\":\"https:\\\/\\\/latece.uqam.ca\\\/#organization\"},\"potentialAction\":[{\"@type\":\"SearchAction\",\"target\":{\"@type\":\"EntryPoint\",\"urlTemplate\":\"https:\\\/\\\/latece.uqam.ca\\\/?s={search_term_string}\"},\"query-input\":{\"@type\":\"PropertyValueSpecification\",\"valueRequired\":true,\"valueName\":\"search_term_string\"}}],\"inLanguage\":\"en-CA\"},{\"@type\":\"Organization\",\"@id\":\"https:\\\/\\\/latece.uqam.ca\\\/#organization\",\"name\":\"Laboratoire de recherche sur les technologies du commerce \u00e9lectronique (LATECE)\",\"url\":\"https:\\\/\\\/latece.uqam.ca\\\/\",\"logo\":{\"@type\":\"ImageObject\",\"inLanguage\":\"en-CA\",\"@id\":\"https:\\\/\\\/latece.uqam.ca\\\/#\\\/schema\\\/logo\\\/image\\\/\",\"url\":\"https:\\\/\\\/latece.uqam.ca\\\/wp-content\\\/uploads\\\/2018\\\/11\\\/logo_latece.jpg\",\"contentUrl\":\"https:\\\/\\\/latece.uqam.ca\\\/wp-content\\\/uploads\\\/2018\\\/11\\\/logo_latece.jpg\",\"width\":212,\"height\":40,\"caption\":\"Laboratoire de recherche sur les technologies du commerce \u00e9lectronique (LATECE)\"},\"image\":{\"@id\":\"https:\\\/\\\/latece.uqam.ca\\\/#\\\/schema\\\/logo\\\/image\\\/\"}}]}<\/script>\n<!-- \/ Yoast SEO plugin. -->","yoast_head_json":{"title":"Contact - Transdisciplinary Research Lab on IT Ecosystems - UQAM","robots":{"index":"index","follow":"follow","max-snippet":"max-snippet:-1","max-image-preview":"max-image-preview:large","max-video-preview":"max-video-preview:-1"},"canonical":"https:\/\/latece.uqam.ca\/en\/join-us\/","og_locale":"en_US","og_type":"article","og_title":"Contact - Transdisciplinary Research Lab on IT Ecosystems - UQAM","og_description":"Coordonn\u00e9es du d\u00e9partement Civic address LATECE LaboratoryPK-4151 (secr\u00e9tariat)D\u00e9partement d\u2019informatiqueUniversit\u00e9 du Qu\u00e9bec \u00e0 Montr\u00e9al201, Pr\u00e9sident KennedyMontr\u00e9al (Qu\u00e9bec) H2X 3Y7 Emaillatece@uqam.ca Map","og_url":"https:\/\/latece.uqam.ca\/en\/join-us\/","og_site_name":"Transdisciplinary Research Lab on IT Ecosystems","article_modified_time":"2025-03-05T20:52:33+00:00","twitter_card":"summary_large_image","twitter_misc":{"Est. reading time":"1 minute"},"schema":{"@context":"https:\/\/schema.org","@graph":[{"@type":"WebPage","@id":"https:\/\/latece.uqam.ca\/en\/join-us\/","url":"https:\/\/latece.uqam.ca\/en\/join-us\/","name":"Contact - Transdisciplinary Research Lab on IT Ecosystems - UQAM","isPartOf":{"@id":"https:\/\/latece.uqam.ca\/#website"},"datePublished":"2019-01-16T15:15:54+00:00","dateModified":"2025-03-05T20:52:33+00:00","breadcrumb":{"@id":"https:\/\/latece.uqam.ca\/en\/join-us\/#breadcrumb"},"inLanguage":"en-CA","potentialAction":[{"@type":"ReadAction","target":["https:\/\/latece.uqam.ca\/en\/join-us\/"]}]},{"@type":"BreadcrumbList","@id":"https:\/\/latece.uqam.ca\/en\/join-us\/#breadcrumb","itemListElement":[{"@type":"ListItem","position":1,"name":"UQAM","item":"https:\/\/uqam.ca"},{"@type":"ListItem","position":2,"name":"LATECE","item":"https:\/\/latece.uqam.ca\/en\/"},{"@type":"ListItem","position":3,"name":"Contact"}]},{"@type":"WebSite","@id":"https:\/\/latece.uqam.ca\/#website","url":"https:\/\/latece.uqam.ca\/","name":"Transdisciplinary Research Lab on IT Ecosystems","description":"LATECE","publisher":{"@id":"https:\/\/latece.uqam.ca\/#organization"},"potentialAction":[{"@type":"SearchAction","target":{"@type":"EntryPoint","urlTemplate":"https:\/\/latece.uqam.ca\/?s={search_term_string}"},"query-input":{"@type":"PropertyValueSpecification","valueRequired":true,"valueName":"search_term_string"}}],"inLanguage":"en-CA"},{"@type":"Organization","@id":"https:\/\/latece.uqam.ca\/#organization","name":"Laboratoire de recherche sur les technologies du commerce \u00e9lectronique (LATECE)","url":"https:\/\/latece.uqam.ca\/","logo":{"@type":"ImageObject","inLanguage":"en-CA","@id":"https:\/\/latece.uqam.ca\/#\/schema\/logo\/image\/","url":"https:\/\/latece.uqam.ca\/wp-content\/uploads\/2018\/11\/logo_latece.jpg","contentUrl":"https:\/\/latece.uqam.ca\/wp-content\/uploads\/2018\/11\/logo_latece.jpg","width":212,"height":40,"caption":"Laboratoire de recherche sur les technologies du commerce \u00e9lectronique (LATECE)"},"image":{"@id":"https:\/\/latece.uqam.ca\/#\/schema\/logo\/image\/"}}]}},"_links":{"self":[{"href":"https:\/\/latece.uqam.ca\/en\/wp-json\/wp\/v2\/pages\/2513","targetHints":{"allow":["GET"]}}],"collection":[{"href":"https:\/\/latece.uqam.ca\/en\/wp-json\/wp\/v2\/pages"}],"about":[{"href":"https:\/\/latece.uqam.ca\/en\/wp-json\/wp\/v2\/types\/page"}],"author":[{"embeddable":true,"href":"https:\/\/latece.uqam.ca\/en\/wp-json\/wp\/v2\/users\/1"}],"replies":[{"embeddable":true,"href":"https:\/\/latece.uqam.ca\/en\/wp-json\/wp\/v2\/comments?post=2513"}],"version-history":[{"count":4,"href":"https:\/\/latece.uqam.ca\/en\/wp-json\/wp\/v2\/pages\/2513\/revisions"}],"predecessor-version":[{"id":4316,"href":"https:\/\/latece.uqam.ca\/en\/wp-json\/wp\/v2\/pages\/2513\/revisions\/4316"}],"wp:attachment":[{"href":"https:\/\/latece.uqam.ca\/en\/wp-json\/wp\/v2\/media?parent=2513"}],"curies":[{"name":"wp","href":"https:\/\/api.w.org\/{rel}","templated":true}]}}